{"id":993825,"date":"2024-10-01T12:13:09","date_gmt":"2024-10-01T10:13:09","guid":{"rendered":"https:\/\/deziq.it\/galli\/politica-de-cookies\/"},"modified":"2025-03-18T17:07:28","modified_gmt":"2025-03-18T16:07:28","slug":"politica-de-cookies","status":"publish","type":"page","link":"https:\/\/galli2europe.com\/es\/politica-de-cookies\/","title":{"rendered":"Pol\u00edtica de cookies"},"content":{"rendered":"\t\t<div data-elementor-type=\"wp-page\" data-elementor-id=\"993825\" class=\"elementor elementor-993825 elementor-989821\" data-elementor-post-type=\"page\">\n\t\t\t\t<div class=\"elementor-element elementor-element-116bba6b e-flex e-con-boxed e-con e-parent\" data-id=\"116bba6b\" data-element_type=\"container\" data-e-type=\"container\">\n\t\t\t\t\t<div class=\"e-con-inner\">\n\t\t\t\t<div class=\"elementor-element elementor-element-2b674335 elementor-widget elementor-widget-text-editor\" data-id=\"2b674335\" data-element_type=\"widget\" data-e-type=\"widget\" data-widget_type=\"text-editor.default\">\n\t\t\t\t<div class=\"elementor-widget-container\">\n\t\t\t\t\t\t\t\t\t\n<h3 class=\"wp-block-heading\">Acerca de esta Pol\u00edtica de Cookies Cookies<\/h3>\n\n\n\n<p>Esta Pol\u00edtica de Cookies explica qu\u00e9 son las cookies y c\u00f3mo las usamos, los tipos de cookies que usamos, es decir, la informaci\u00f3n que recopilamos usando cookies y c\u00f3mo se usa esa informaci\u00f3n y c\u00f3mo controlar las preferencias de cookies. Para obtener m\u00e1s informaci\u00f3n sobre c\u00f3mo usamos, almacenamos y protegemos sus datos personales, consulte nuestra Pol\u00edtica de privacidad. <\/p>\n\n\n\n<p>Puede cambiar o retirar su consentimiento en cualquier momento desde la Declaraci\u00f3n de cookies en nuestro sitio web.<\/p>\n\n\n\n<p>Obtenga m\u00e1s informaci\u00f3n sobre qui\u00e9nes somos, c\u00f3mo puede contactarnos y c\u00f3mo procesamos los datos personales en nuestra Pol\u00edtica de privacidad.<\/p>\n\n\n\n<p>Su consentimiento se aplica a los siguientes dominios: www.galli2europe.com<\/p>\n\n\n\n<a class=\"cky-banner-element\"><font style=\"vertical-align: inherit;\"><font style=\"vertical-align: inherit;\">Configuraci\u00f3n de cookies<\/font><\/font><\/a>\n\n\n\n<h3 class=\"wp-block-heading\">\u00bfQu\u00e9 son las cookies?<\/h3>\n\n\n\n<p>Las cookies son peque\u00f1os archivos de texto que se utilizan para almacenar peque\u00f1os fragmentos de informaci\u00f3n. Se almacenan en su dispositivo cuando se carga el sitio web en su navegador. Estas cookies nos ayudan a hacer que el sitio web funcione correctamente, hacerlo m\u00e1s seguro, brindar una mejor experiencia al usuario, comprender c\u00f3mo funciona el sitio web y analizar qu\u00e9 funciona y d\u00f3nde necesita mejoras.  <\/p>\n\n\n\n<h3 class=\"wp-block-heading\">\u00bfC\u00f3mo utilizamos las cookies?<\/h3>\n\n\n\n<p>Como la mayor\u00eda de los servicios en l\u00ednea, nuestro sitio web utiliza cookies propias y de terceros para una variedad de prop\u00f3sitos. Las cookies de origen son principalmente necesarias para el correcto funcionamiento del sitio web y no recopilan ning\u00fan dato de identificaci\u00f3n personal. <\/p>\n\n\n\n<p>Las cookies de terceros que se utilizan en nuestro sitio web sirven principalmente para comprender el funcionamiento del sitio web, c\u00f3mo interact\u00faa con \u00e9l, mantener la seguridad de nuestros servicios, ofrecerle anuncios relevantes y, en general, ofrecerle una mejor experiencia de usuario y ayudarle a acelerar sus futuras interacciones con nuestro sitio web.<\/p>\n\n\n\n<h3 class=\"wp-block-heading\">\u00bfQu\u00e9 tipos de cookies utilizamos?<\/h3>\n\n\n\n<p>Esencial: Algunas cookies son esenciales para que usted pueda experimentar la funcionalidad completa de nuestro sitio. Nos permiten mantener las sesiones de los usuarios y prevenir cualquier amenaza a la seguridad. No recopilan ni almacenan ning\u00fan tipo de informaci\u00f3n personal. Por ejemplo, estas cookies le permiten iniciar sesi\u00f3n en su cuenta y agregar productos a su carrito y realizar el pago de forma segura.   <\/p>\n\n\n\n<p>Estad\u00edsticas: Estas cookies almacenan informaci\u00f3n como el n\u00famero de visitantes al sitio web, el n\u00famero de visitantes \u00fanicos, qu\u00e9 p\u00e1ginas del sitio web han sido visitadas, la fuente de la visita, etc. Estos datos nos ayudan a comprender y analizar el rendimiento del sitio web y d\u00f3nde necesita mejoras.<\/p>\n\n\n\n<p>Marketing: Nuestro sitio web muestra anuncios. Estas cookies se utilizan para personalizar los anuncios que le mostramos para que sean significativos para usted. Estas cookies tambi\u00e9n nos ayudan a rastrear la eficiencia de estas campa\u00f1as publicitarias.  <\/p>\n\n\n\n<p>La informaci\u00f3n almacenada en estas cookies tambi\u00e9n puede ser utilizada por proveedores de publicidad de terceros para mostrarle anuncios en otros sitios web en el navegador.<\/p>\n\n\n\n<p>Funcional: Son las cookies que ayudan a ciertas funciones no esenciales de nuestro sitio web. Estas caracter\u00edsticas incluyen la incorporaci\u00f3n de contenido como videos o compartir contenido del sitio web en plataformas de redes sociales. <\/p>\n\n\n\n<p>Preferencias: Estas cookies nos ayudan a almacenar su configuraci\u00f3n y preferencias de navegaci\u00f3n, como las preferencias de idioma, para que pueda tener una experiencia mejor y eficiente en futuras visitas al sitio web.<\/p>\n\n\n\n<div class=\"cky-audit-table-element\"><\/div>\n\n\n\n<h3 class=\"wp-block-heading\">\u00bfC\u00f3mo puedo controlar las preferencias de cookies?<\/h3>\n\n\n\n<p>Si decide cambiar sus preferencias m\u00e1s adelante durante su sesi\u00f3n de navegaci\u00f3n, puede hacer clic en la pesta\u00f1a \u00abPol\u00edtica de privacidad y cookies\u00bb en su pantalla. El aviso de consentimiento se mostrar\u00e1 nuevamente permiti\u00e9ndole cambiar sus preferencias o retirar su consentimiento por completo. <\/p>\n\n\n\n<p>Adem\u00e1s, los diferentes navegadores proporcionan diferentes m\u00e9todos para bloquear y eliminar las cookies utilizadas por los sitios web. Puede cambiar la configuraci\u00f3n de su navegador para bloquear\/eliminar las cookies. Para obtener m\u00e1s informaci\u00f3n sobre c\u00f3mo administrar y eliminar las cookies, visite wikipedia.org, <a href=\"http:\/\/www.allaboutcookies.org\" rel=\"nofollow noopener\" target=\"_blank\">www.allaboutcookies.org<\/a> .  <\/p>\n\n\n\n<p>A continuaci\u00f3n encontrar\u00e1 enlaces a documentos de apoyo sobre c\u00f3mo administrar y eliminar las cookies de los principales navegadores web.<\/p>\n\n\n\n<ul class=\"wp-block-list\">\n<li>Chrome: https:\/\/support.google.com\/accounts\/answer\/32050<\/li>\n\n\n\n<li>Safari: https:\/\/support.apple.com\/es-es\/guide\/safari\/sfri11471\/mac<\/li>\n\n\n\n<li>Firefox: https:\/\/support.mozilla.org\/es-ES\/kb\/borrar-cookies-y-datos-de-sitio-firefox?redirectslug=eliminar-cookies-eliminar-info-sitios-web-almacenados&amp;redirectlocale=es-ES<\/li>\n\n\n\n<li>Internet Explorer: https:\/\/support.microsoft.com\/es-es\/topic\/como-eliminar-archivos-de-cookies-en-internet-explorer-bca9446f-d873-78de-77ba-d42645fa52fc<\/li>\n<\/ul>\n\n\n\n<p>Si est\u00e1 utilizando otro navegador web, visite los documentos de soporte oficiales de su navegador.<\/p>\n\t\t\t\t\t\t\t\t<\/div>\n\t\t\t\t<\/div>\n\t\t\t\t\t<\/div>\n\t\t\t\t<\/div>\n\t\t\t\t<\/div>\n\t\t","protected":false},"excerpt":{"rendered":"<p>Acerca de esta Pol\u00edtica de Cookies Cookies Esta Pol\u00edtica de Cookies explica qu\u00e9 son las cookies y c\u00f3mo las usamos, los tipos de cookies que usamos, es decir, la informaci\u00f3n que recopilamos usando cookies y c\u00f3mo se usa esa informaci\u00f3n y c\u00f3mo controlar las preferencias de cookies. Para obtener m\u00e1s informaci\u00f3n sobre c\u00f3mo usamos, almacenamos&#8230;<\/p>\n","protected":false},"author":3,"featured_media":0,"parent":0,"menu_order":0,"comment_status":"closed","ping_status":"closed","template":"elementor_header_footer","meta":{"_acf_changed":false,"footnotes":""},"class_list":["post-993825","page","type-page","status-publish","hentry"],"acf":[],"_links":{"self":[{"href":"https:\/\/galli2europe.com\/es\/wp-json\/wp\/v2\/pages\/993825","targetHints":{"allow":["GET"]}}],"collection":[{"href":"https:\/\/galli2europe.com\/es\/wp-json\/wp\/v2\/pages"}],"about":[{"href":"https:\/\/galli2europe.com\/es\/wp-json\/wp\/v2\/types\/page"}],"author":[{"embeddable":true,"href":"https:\/\/galli2europe.com\/es\/wp-json\/wp\/v2\/users\/3"}],"replies":[{"embeddable":true,"href":"https:\/\/galli2europe.com\/es\/wp-json\/wp\/v2\/comments?post=993825"}],"version-history":[{"count":9,"href":"https:\/\/galli2europe.com\/es\/wp-json\/wp\/v2\/pages\/993825\/revisions"}],"predecessor-version":[{"id":993858,"href":"https:\/\/galli2europe.com\/es\/wp-json\/wp\/v2\/pages\/993825\/revisions\/993858"}],"wp:attachment":[{"href":"https:\/\/galli2europe.com\/es\/wp-json\/wp\/v2\/media?parent=993825"}],"curies":[{"name":"wp","href":"https:\/\/api.w.org\/{rel}","templated":true}]}}