{"id":994573,"date":"2024-07-08T23:04:42","date_gmt":"2024-07-08T21:04:42","guid":{"rendered":"https:\/\/deziq.it\/galli\/prodotto\/herramientas-de-prueba-de-instrumentos-avio\/"},"modified":"2025-03-18T18:47:17","modified_gmt":"2025-03-18T17:47:17","slug":"herramientas-de-prueba-de-instrumentos-avio","status":"publish","type":"product","link":"https:\/\/galli2europe.com\/es\/prodotto\/herramientas-de-prueba-de-instrumentos-avio\/","title":{"rendered":"Herramientas de prueba de instrumentos AVIO"},"content":{"rendered":"\t\t<div data-elementor-type=\"product-post\" data-elementor-id=\"994573\" class=\"elementor elementor-994573 elementor-988717\" data-elementor-post-type=\"product\">\n\t\t\t\t<div class=\"elementor-element elementor-element-f1d45c3 e-flex e-con-boxed e-con e-parent\" data-id=\"f1d45c3\" data-element_type=\"container\" data-e-type=\"container\">\n\t\t\t\t\t<div class=\"e-con-inner\">\n\t\t<div class=\"elementor-element elementor-element-0c24dd2 e-con-full e-flex e-con e-child\" data-id=\"0c24dd2\" data-element_type=\"container\" data-e-type=\"container\">\n\t\t\t\t<div class=\"elementor-element elementor-element-8ff798e elementor-invisible elementor-widget elementor-widget-heading\" data-id=\"8ff798e\" data-element_type=\"widget\" data-e-type=\"widget\" data-settings=\"{&quot;_animation&quot;:&quot;fadeIn&quot;,&quot;_animation_tablet&quot;:&quot;none&quot;,&quot;_animation_delay&quot;:200}\" data-widget_type=\"heading.default\">\n\t\t\t\t<div class=\"elementor-widget-container\">\n\t\t\t\t\t<h3 class=\"elementor-heading-title elementor-size-default\">Informaci\u00f3n del producto<\/h3>\t\t\t\t<\/div>\n\t\t\t\t<\/div>\n\t\t\t\t<\/div>\n\t\t\t\t\t<\/div>\n\t\t\t\t<\/div>\n\t\t<div class=\"elementor-element elementor-element-c2feeed e-flex e-con-boxed e-con e-parent\" data-id=\"c2feeed\" data-element_type=\"container\" data-e-type=\"container\">\n\t\t\t\t\t<div class=\"e-con-inner\">\n\t\t<div class=\"elementor-element elementor-element-93e8ce2 e-con-full e-flex e-con e-child\" data-id=\"93e8ce2\" data-element_type=\"container\" data-e-type=\"container\">\n\t\t\t\t<div class=\"elementor-element elementor-element-125560b e-n-tabs-mobile elementor-widget elementor-widget-n-tabs\" data-id=\"125560b\" data-element_type=\"widget\" data-e-type=\"widget\" data-widget_type=\"nested-tabs.default\">\n\t\t\t\t<div class=\"elementor-widget-container\">\n\t\t\t\t\t\t\t<div class=\"e-n-tabs\" data-widget-number=\"19224075\" aria-label=\"Pesta\u00f1as. Abre elementos con Intro o Espacio, ci\u00e9rralos con Escape y navega con las fechas.\">\n\t\t\t<div class=\"e-n-tabs-heading\" role=\"tablist\">\n\t\t\t\t\t<button id=\"e-n-tab-title-192240751\" data-tab-title-id=\"e-n-tab-title-192240751\" class=\"e-n-tab-title\" aria-selected=\"true\" data-tab-index=\"1\" role=\"tab\" tabindex=\"0\" aria-controls=\"e-n-tab-content-192240751\" style=\"--n-tabs-title-order: 1;\">\n\t\t\t\t\t\t<span class=\"e-n-tab-title-text\">\n\t\t\t\tCaracter\u00edsticas\t\t\t<\/span>\n\t\t<\/button>\n\t\t\t\t<button id=\"e-n-tab-title-192240752\" data-tab-title-id=\"e-n-tab-title-192240752\" class=\"e-n-tab-title\" aria-selected=\"false\" data-tab-index=\"2\" role=\"tab\" tabindex=\"-1\" aria-controls=\"e-n-tab-content-192240752\" style=\"--n-tabs-title-order: 2;\">\n\t\t\t\t\t\t<span class=\"e-n-tab-title-text\">\n\t\t\t\tEquipamiento est\u00e1ndar\t\t\t<\/span>\n\t\t<\/button>\n\t\t\t\t<button id=\"e-n-tab-title-192240753\" data-tab-title-id=\"e-n-tab-title-192240753\" class=\"e-n-tab-title\" aria-selected=\"false\" data-tab-index=\"3\" role=\"tab\" tabindex=\"-1\" aria-controls=\"e-n-tab-content-192240753\" style=\"--n-tabs-title-order: 3;\">\n\t\t\t\t\t\t<span class=\"e-n-tab-title-text\">\n\t\t\t\tM\u00e1s\t\t\t<\/span>\n\t\t<\/button>\n\t\t\t\t\t<\/div>\n\t\t\t<div class=\"e-n-tabs-content\">\n\t\t\t\t<div id=\"e-n-tab-content-192240751\" role=\"tabpanel\" aria-labelledby=\"e-n-tab-title-192240751\" data-tab-index=\"1\" style=\"--n-tabs-title-order: 1;\" class=\"e-active elementor-element elementor-element-b844b3d e-con-full e-flex e-con e-child\" data-id=\"b844b3d\" data-element_type=\"container\" data-e-type=\"container\">\n\t\t\t\t<\/div>\n\t\t<div id=\"e-n-tab-content-192240752\" role=\"tabpanel\" aria-labelledby=\"e-n-tab-title-192240752\" data-tab-index=\"2\" style=\"--n-tabs-title-order: 2;\" class=\" elementor-element elementor-element-36a56b3 e-con-full e-flex e-con e-child\" data-id=\"36a56b3\" data-element_type=\"container\" data-e-type=\"container\">\n\t\t\t\t<\/div>\n\t\t<div id=\"e-n-tab-content-192240753\" role=\"tabpanel\" aria-labelledby=\"e-n-tab-title-192240753\" data-tab-index=\"3\" style=\"--n-tabs-title-order: 3;\" class=\" elementor-element elementor-element-704701f e-con-full e-flex e-con e-child\" data-id=\"704701f\" data-element_type=\"container\" data-e-type=\"container\">\n\t\t\t\t<\/div>\n\t\t\t\t\t<\/div>\n\t\t<\/div>\n\t\t\t\t\t\t<\/div>\n\t\t\t\t<\/div>\n\t\t\t\t<\/div>\n\t\t\t\t\t<\/div>\n\t\t\t\t<\/div>\n\t\t<div class=\"elementor-element elementor-element-dc3b190 e-flex e-con-boxed e-con e-parent\" data-id=\"dc3b190\" data-element_type=\"container\" data-e-type=\"container\">\n\t\t\t\t\t<div class=\"e-con-inner\">\n\t\t<div class=\"elementor-element elementor-element-f99d646 e-con-full e-flex e-con e-child\" data-id=\"f99d646\" data-element_type=\"container\" data-e-type=\"container\">\n\t\t\t\t<div class=\"elementor-element elementor-element-8d94675 elementor-invisible elementor-widget elementor-widget-heading\" data-id=\"8d94675\" data-element_type=\"widget\" data-e-type=\"widget\" data-settings=\"{&quot;_animation&quot;:&quot;fadeIn&quot;,&quot;_animation_tablet&quot;:&quot;none&quot;,&quot;_animation_delay&quot;:200}\" data-widget_type=\"heading.default\">\n\t\t\t\t<div class=\"elementor-widget-container\">\n\t\t\t\t\t<h3 class=\"elementor-heading-title elementor-size-default\">Folleto y atenci\u00f3n al cliente<\/h3>\t\t\t\t<\/div>\n\t\t\t\t<\/div>\n\t\t\t\t<\/div>\n\t\t\t\t\t<\/div>\n\t\t\t\t<\/div>\n\t\t<div class=\"elementor-element elementor-element-b09df52 e-flex e-con-boxed e-con e-parent\" data-id=\"b09df52\" data-element_type=\"container\" data-e-type=\"container\">\n\t\t\t\t\t<div class=\"e-con-inner\">\n\t\t<div class=\"elementor-element elementor-element-b24a30f e-con-full e-flex e-con e-child\" data-id=\"b24a30f\" data-element_type=\"container\" data-e-type=\"container\">\n\t\t\t\t<div class=\"vamtam-has-theme-widget-styles elementor-element elementor-element-5f78a2b elementor-align-justify elementor-mobile-align-justify elementor-widget elementor-widget-button\" data-id=\"5f78a2b\" data-element_type=\"widget\" data-e-type=\"widget\" data-widget_type=\"button.default\">\n\t\t\t\t<div class=\"elementor-widget-container\">\n\t\t\t\t\t\t\t\t\t<div class=\"elementor-button-wrapper\">\n\t\t\t\t\t<a class=\"elementor-button elementor-button-link elementor-size-sm\" href=\"https:\/\/galli2europe.com\/wp-content\/uploads\/2024\/07\/Galli-Thermotron-Test-Tools-200703-2.pdf\" target=\"_blank\">\n\t\t\t\t\t\t<span class=\"elementor-button-content-wrapper\">\n\t\t\t\t\t\t<span class=\"elementor-button-icon\">\n\t\t\t\t<i aria-hidden=\"true\" class=\"vamtamtheme- vamtam-theme-download\"><\/i>\t\t\t<\/span>\n\t\t\t\t\t\t\t\t\t<span class=\"elementor-button-text\">Folleto  Herramientas de prueba de instrumentos AVIO<\/span>\n\t\t\t\t\t<\/span>\n\t\t\t\t\t<\/a>\n\t\t\t\t<\/div>\n\t\t\t\t\t\t\t\t<\/div>\n\t\t\t\t<\/div>\n\t\t\t\t<\/div>\n\t\t<div class=\"elementor-element elementor-element-603f4b1 e-con-full e-flex e-con e-child\" data-id=\"603f4b1\" data-element_type=\"container\" data-e-type=\"container\">\n\t\t\t\t<div class=\"vamtam-has-theme-widget-styles elementor-element elementor-element-b95a3ad elementor-align-justify elementor-mobile-align-justify elementor-widget elementor-widget-button\" data-id=\"b95a3ad\" data-element_type=\"widget\" data-e-type=\"widget\" data-widget_type=\"button.default\">\n\t\t\t\t<div class=\"elementor-widget-container\">\n\t\t\t\t\t\t\t\t\t<div class=\"elementor-button-wrapper\">\n\t\t\t\t\t<a class=\"elementor-button elementor-button-link elementor-size-sm\" href=\"tel:+390290720705\" target=\"_blank\">\n\t\t\t\t\t\t<span class=\"elementor-button-content-wrapper\">\n\t\t\t\t\t\t<span class=\"elementor-button-icon\">\n\t\t\t\t<i aria-hidden=\"true\" class=\"vamtamtheme- vamtam-theme-download\"><\/i>\t\t\t<\/span>\n\t\t\t\t\t\t\t\t\t<span class=\"elementor-button-text\">llamar al servicio de atenci\u00f3n al cliente<\/span>\n\t\t\t\t\t<\/span>\n\t\t\t\t\t<\/a>\n\t\t\t\t<\/div>\n\t\t\t\t\t\t\t\t<\/div>\n\t\t\t\t<\/div>\n\t\t\t\t<\/div>\n\t\t<div class=\"elementor-element elementor-element-157e5b3 e-con-full e-flex e-con e-child\" data-id=\"157e5b3\" data-element_type=\"container\" data-e-type=\"container\">\n\t\t\t\t<div class=\"vamtam-has-theme-widget-styles elementor-element elementor-element-cace1fe elementor-align-justify elementor-mobile-align-justify elementor-widget elementor-widget-button\" data-id=\"cace1fe\" data-element_type=\"widget\" data-e-type=\"widget\" data-widget_type=\"button.default\">\n\t\t\t\t<div class=\"elementor-widget-container\">\n\t\t\t\t\t\t\t\t\t<div class=\"elementor-button-wrapper\">\n\t\t\t\t\t<a class=\"elementor-button elementor-button-link elementor-size-sm\" href=\"#elementor-action%3Aaction%3Dpopup%3Aopen%26settings%3DeyJpZCI6OTkzOTczLCJ0b2dnbGUiOmZhbHNlLCJhbGlnbl93aXRoX3BhcmVudCI6IiJ9\" target=\"_blank\">\n\t\t\t\t\t\t<span class=\"elementor-button-content-wrapper\">\n\t\t\t\t\t\t<span class=\"elementor-button-icon\">\n\t\t\t\t<i aria-hidden=\"true\" class=\"vamtamtheme- vamtam-theme-download\"><\/i>\t\t\t<\/span>\n\t\t\t\t\t\t\t\t\t<span class=\"elementor-button-text\">Solicitar informaci\u00f3n<\/span>\n\t\t\t\t\t<\/span>\n\t\t\t\t\t<\/a>\n\t\t\t\t<\/div>\n\t\t\t\t\t\t\t\t<\/div>\n\t\t\t\t<\/div>\n\t\t\t\t<\/div>\n\t\t\t\t\t<\/div>\n\t\t\t\t<\/div>\n\t\t\t\t<\/div>\n\t\t","protected":false},"excerpt":{"rendered":"<p>El instrumento AVIO (entrada\/salida de voltaje anal\u00f3gico) tiene 16 canales, cada uno configurable para entrada o salida.<\/p>\n<p>Una tarjeta AVIO puede reemplazar muchos instrumentos (como mult\u00edmetros, osciloscopios, medidores de frecuencia y generadores)<br \/>\n Cada canal puede proporcionar o monitorear se\u00f1ales de CA o CC que var\u00edan en el tiempo (ondas sinusoidales, triangulares, cuadradas y m\u00e1s)<br \/>\n Otras tarjetas similares a AVIO solo tienen un convertidor anal\u00f3gico a digital para todos los canales de la tarjeta. AVIO es una soluci\u00f3n m\u00e1s econ\u00f3mica y r\u00e1pida porque cada canal tiene su propio convertidor anal\u00f3gico-digital dedicado. Esto permite una frecuencia de muestreo m\u00e1s r\u00e1pida y canales independientes (sin multiplexaci\u00f3n).<br \/>\n Todas las lecturas de voltaje son RMS verdadero independientemente de la forma de onda.<br \/>\nFrecuencia de muestreo de entrada de hasta 1,1 MS\/s (megamuestras por segundo) y frecuencia de salida de hasta 1 MS\/s<br \/>\n Capacidad de impulsar corrientes de hasta 450 mA por canal<br \/>\n Los canales de salida monitorean la corriente.<br \/>\nLos canales de entrada monitorean la frecuencia y el voltaje.<br \/>\nLas entradas pueden manejar voltajes entre +\/- 170 voltios (por lo que las salidas de 120 voltios no da\u00f1ar\u00e1n el m\u00f3dulo)<br \/>\nInterfaz Ethernet (servidor web integrado)<br \/>\nEl software TestTrak incluido permite un uso f\u00e1cil sin necesidad de programaci\u00f3n.<br \/>\nESPECIFICACIONES DEL MODO DE SALIDA<\/p>\n<p>N\u00famero de canales: 16 (configurables por el usuario para que sean de entrada o salida)<\/p>\n<p>Frecuencia m\u00e1xima: 1 MS\/s<\/p>\n<p>Rango de voltaje de salida: +10\/-10 voltios<\/p>\n<p>Profundidad de memoria del modo de salida: memoria de 8K por canal para formas de onda programables<\/p>\n<p>Reloj interno y externo: S\u00ed (m\u00e1ximo 12 KHz externo)<\/p>\n<p>Protecci\u00f3n de salida: sobrecorriente, sobretensi\u00f3n, sobretemperatura<\/p>\n<p>Detecci\u00f3n de l\u00edmite de falla de hardware: l\u00edmites de voltaje alto\/bajo, corriente y frecuencia (configurables por el usuario)<\/p>\n<p>Disparador de habilitaci\u00f3n externa: S\u00ed (2 disparadores compartidos con reloj externo)<\/p>\n<p>Precisi\u00f3n: 12 bits (5,86 mV\/bit<\/p>\n<p>Corriente de salida\/canal (m\u00e1x.): +\/-450 mA (se requiere alimentaci\u00f3n externa para aplicaciones con un gran n\u00famero de canales)<\/p>\n<p>Velocidad de respuesta: 88,49 V\/us<\/p>\n<p>Impedancia del canal de salida: ~3,00 ohmios (serie)<\/p>\n<p>Teledetecci\u00f3n: S\u00ed<\/p>\n<p>ESPECIFICACIONES DEL MODO DE ENTRADA<\/p>\n<p>N\u00famero de canales: Hasta 16 (compartido con modo de salida) Hasta 8 (en modo diferencial)<\/p>\n<p>Frecuencia m\u00e1xima de muestreo: 1,1 MS\/s (0,909 uS)<\/p>\n<p>Rango de voltaje de entrada: +\/- 1,00; +\/-12,00; +\/-170<\/p>\n<p>Precisi\u00f3n de voltaje: 12 bits (0,488 mV; 5,86 mV; 87,4 mV)<\/p>\n<p>Protecci\u00f3n de entrada: +\/- 170 V m\u00e1x.<\/p>\n<p>Impedancia del canal: ~36 KOhm a GND<\/p>\n<p>Rango de frecuencia: 20 Hz \u2013 100 KHz<\/p>\n","protected":false},"featured_media":992654,"comment_status":"closed","ping_status":"closed","template":"","meta":{"_acf_changed":false},"product_brand":[],"product_cat":[330],"product_tag":[],"class_list":{"0":"post-994573","1":"product","2":"type-product","3":"status-publish","4":"has-post-thumbnail","6":"product_cat-accesorios","8":"first","9":"instock","10":"shipping-taxable","11":"product-type-simple"},"acf":[],"_links":{"self":[{"href":"https:\/\/galli2europe.com\/es\/wp-json\/wp\/v2\/product\/994573","targetHints":{"allow":["GET"]}}],"collection":[{"href":"https:\/\/galli2europe.com\/es\/wp-json\/wp\/v2\/product"}],"about":[{"href":"https:\/\/galli2europe.com\/es\/wp-json\/wp\/v2\/types\/product"}],"replies":[{"embeddable":true,"href":"https:\/\/galli2europe.com\/es\/wp-json\/wp\/v2\/comments?post=994573"}],"version-history":[{"count":1,"href":"https:\/\/galli2europe.com\/es\/wp-json\/wp\/v2\/product\/994573\/revisions"}],"predecessor-version":[{"id":994575,"href":"https:\/\/galli2europe.com\/es\/wp-json\/wp\/v2\/product\/994573\/revisions\/994575"}],"wp:featuredmedia":[{"embeddable":true,"href":"https:\/\/galli2europe.com\/es\/wp-json\/wp\/v2\/media\/992654"}],"wp:attachment":[{"href":"https:\/\/galli2europe.com\/es\/wp-json\/wp\/v2\/media?parent=994573"}],"wp:term":[{"taxonomy":"product_brand","embeddable":true,"href":"https:\/\/galli2europe.com\/es\/wp-json\/wp\/v2\/product_brand?post=994573"},{"taxonomy":"product_cat","embeddable":true,"href":"https:\/\/galli2europe.com\/es\/wp-json\/wp\/v2\/product_cat?post=994573"},{"taxonomy":"product_tag","embeddable":true,"href":"https:\/\/galli2europe.com\/es\/wp-json\/wp\/v2\/product_tag?post=994573"}],"curies":[{"name":"wp","href":"https:\/\/api.w.org\/{rel}","templated":true}]}}