{"id":994828,"date":"2024-07-08T21:04:24","date_gmt":"2024-07-08T19:04:24","guid":{"rendered":"https:\/\/deziq.it\/galli\/prodotto\/celda-termocriogenica-de-nitrogeno-liquido-genviro-sl\/"},"modified":"2025-03-18T18:50:25","modified_gmt":"2025-03-18T17:50:25","slug":"celda-termocriogenica-de-nitrogeno-liquido-genviro-sl","status":"publish","type":"product","link":"https:\/\/galli2europe.com\/es\/prodotto\/celda-termocriogenica-de-nitrogeno-liquido-genviro-sl\/","title":{"rendered":"Celda termocriog\u00e9nica de nitr\u00f3geno l\u00edquido GENVIRO-SL"},"content":{"rendered":"\t\t<div data-elementor-type=\"product-post\" data-elementor-id=\"994828\" class=\"elementor elementor-994828 elementor-988598\" data-elementor-post-type=\"product\">\n\t\t\t\t<div class=\"elementor-element elementor-element-f1d45c3 e-flex e-con-boxed e-con e-parent\" data-id=\"f1d45c3\" data-element_type=\"container\" data-e-type=\"container\">\n\t\t\t\t\t<div class=\"e-con-inner\">\n\t\t<div class=\"elementor-element elementor-element-0c24dd2 e-con-full e-flex e-con e-child\" data-id=\"0c24dd2\" data-element_type=\"container\" data-e-type=\"container\">\n\t\t\t\t<div class=\"elementor-element elementor-element-8ff798e elementor-invisible elementor-widget elementor-widget-heading\" data-id=\"8ff798e\" data-element_type=\"widget\" data-e-type=\"widget\" data-settings=\"{&quot;_animation&quot;:&quot;fadeIn&quot;,&quot;_animation_tablet&quot;:&quot;none&quot;,&quot;_animation_delay&quot;:200}\" data-widget_type=\"heading.default\">\n\t\t\t\t<div class=\"elementor-widget-container\">\n\t\t\t\t\t<h3 class=\"elementor-heading-title elementor-size-default\">Informaci\u00f3n del producto<\/h3>\t\t\t\t<\/div>\n\t\t\t\t<\/div>\n\t\t\t\t<\/div>\n\t\t\t\t\t<\/div>\n\t\t\t\t<\/div>\n\t\t<div class=\"elementor-element elementor-element-c2feeed e-flex e-con-boxed e-con e-parent\" data-id=\"c2feeed\" data-element_type=\"container\" data-e-type=\"container\">\n\t\t\t\t\t<div class=\"e-con-inner\">\n\t\t<div class=\"elementor-element elementor-element-93e8ce2 e-con-full e-flex e-con e-child\" data-id=\"93e8ce2\" data-element_type=\"container\" data-e-type=\"container\">\n\t\t\t\t<div class=\"elementor-element elementor-element-125560b e-n-tabs-mobile elementor-widget elementor-widget-n-tabs\" data-id=\"125560b\" data-element_type=\"widget\" data-e-type=\"widget\" data-widget_type=\"nested-tabs.default\">\n\t\t\t\t<div class=\"elementor-widget-container\">\n\t\t\t\t\t\t\t<div class=\"e-n-tabs\" data-widget-number=\"19224075\" aria-label=\"Pesta\u00f1as. Abre elementos con Intro o Espacio, ci\u00e9rralos con Escape y navega con las fechas.\">\n\t\t\t<div class=\"e-n-tabs-heading\" role=\"tablist\">\n\t\t\t\t\t<button id=\"e-n-tab-title-192240751\" data-tab-title-id=\"e-n-tab-title-192240751\" class=\"e-n-tab-title\" aria-selected=\"true\" data-tab-index=\"1\" role=\"tab\" tabindex=\"0\" aria-controls=\"e-n-tab-content-192240751\" style=\"--n-tabs-title-order: 1;\">\n\t\t\t\t\t\t<span class=\"e-n-tab-title-text\">\n\t\t\t\tCaracter\u00edsticas\t\t\t<\/span>\n\t\t<\/button>\n\t\t\t\t<button id=\"e-n-tab-title-192240752\" data-tab-title-id=\"e-n-tab-title-192240752\" class=\"e-n-tab-title\" aria-selected=\"false\" data-tab-index=\"2\" role=\"tab\" tabindex=\"-1\" aria-controls=\"e-n-tab-content-192240752\" style=\"--n-tabs-title-order: 2;\">\n\t\t\t\t\t\t<span class=\"e-n-tab-title-text\">\n\t\t\t\tEquipamiento est\u00e1ndar\t\t\t<\/span>\n\t\t<\/button>\n\t\t\t\t<button id=\"e-n-tab-title-192240753\" data-tab-title-id=\"e-n-tab-title-192240753\" class=\"e-n-tab-title\" aria-selected=\"false\" data-tab-index=\"3\" role=\"tab\" tabindex=\"-1\" aria-controls=\"e-n-tab-content-192240753\" style=\"--n-tabs-title-order: 3;\">\n\t\t\t\t\t\t<span class=\"e-n-tab-title-text\">\n\t\t\t\tM\u00e1s\t\t\t<\/span>\n\t\t<\/button>\n\t\t\t\t\t<\/div>\n\t\t\t<div class=\"e-n-tabs-content\">\n\t\t\t\t<div id=\"e-n-tab-content-192240751\" role=\"tabpanel\" aria-labelledby=\"e-n-tab-title-192240751\" data-tab-index=\"1\" style=\"--n-tabs-title-order: 1;\" class=\"e-active elementor-element elementor-element-b844b3d e-con-full e-flex e-con e-child\" data-id=\"b844b3d\" data-element_type=\"container\" data-e-type=\"container\">\n\t\t\t\t<div class=\"elementor-element elementor-element-9a5d97c elementor-widget elementor-widget-text-editor\" data-id=\"9a5d97c\" data-element_type=\"widget\" data-e-type=\"widget\" data-widget_type=\"text-editor.default\">\n\t\t\t\t<div class=\"elementor-widget-container\">\n\t\t\t\t\t\t\t\t\t<ul>\n<li>C\u00e1mara en acero inoxidable AISI 304<\/li>\n<li>Dimensiones externas 610x870x1625 mm LxPxH<\/li>\n<li>Dimensiones internas 410x360x410 mm LxPxH<\/li>\n<li>Rango de temperatura de -140\u00b0C a +180\u00b0C<\/li>\n<li>Sistema de control programable <strong>AGSystem Talent<\/strong><\/li>\n<li><strong>Pantalla t\u00e1ctil GR\u00c1FICA A COLOR de 7\u2033<\/strong> para una lectura f\u00e1cil e inmediata<\/li>\n<li>La interfaz de operador intuitiva ayuda al usuario a utilizar el instrumento.<\/li>\n<li>Gesti\u00f3n de programas t\u00e9rmicos, rampas, estasis y repeticiones<\/li>\n<li>Perfil t\u00e9rmico y <strong>registro<\/strong> de alarmas<\/li>\n<li>Puerto USB que permite la descarga de datos hist\u00f3ricos  <\/li>\n<li>Interfaz <strong>Ethernet<\/strong> para conexi\u00f3n a un PC o red LAN de la empresa<\/li>\n<li>Ventana de observaci\u00f3n interna<\/li>\n<li>Luz interior<\/li>\n<li>Alimentaci\u00f3n 230 V, monof\u00e1sica, 50 Hz<\/li>\n<li>Estante est\u00e1ndar n.\u00b0 01<\/li>\n<\/ul>\n\t\t\t\t\t\t\t\t<\/div>\n\t\t\t\t<\/div>\n\t\t\t\t<\/div>\n\t\t<div id=\"e-n-tab-content-192240752\" role=\"tabpanel\" aria-labelledby=\"e-n-tab-title-192240752\" data-tab-index=\"2\" style=\"--n-tabs-title-order: 2;\" class=\" elementor-element elementor-element-36a56b3 e-con-full e-flex e-con e-child\" data-id=\"36a56b3\" data-element_type=\"container\" data-e-type=\"container\">\n\t\t\t\t<div class=\"elementor-element elementor-element-2464fc4 elementor-widget elementor-widget-text-editor\" data-id=\"2464fc4\" data-element_type=\"widget\" data-e-type=\"widget\" data-widget_type=\"text-editor.default\">\n\t\t\t\t<div class=\"elementor-widget-container\">\n\t\t\t\t\t\t\t\t\t<ul>\n<li>Cable de alimentaci\u00f3n<\/li>\n<li>Orificio para cable en el lado derecho<\/li>\n<li>Manual del usuario<\/li>\n<li>Certificado de conformidad CE<\/li>\n<li>Certificado de garant\u00eda<\/li>\n<li>Certificado de calibraci\u00f3n\n<p> Sistema de marco de soporte<\/p>\n<\/li>\n<li>Ruedas giratorias, 2 con freno<\/li>\n<li>Altura de soporte 800mm<\/li>\n<\/ul>\n\t\t\t\t\t\t\t\t<\/div>\n\t\t\t\t<\/div>\n\t\t\t\t<\/div>\n\t\t<div id=\"e-n-tab-content-192240753\" role=\"tabpanel\" aria-labelledby=\"e-n-tab-title-192240753\" data-tab-index=\"3\" style=\"--n-tabs-title-order: 3;\" class=\" elementor-element elementor-element-704701f e-con-full e-flex e-con e-child\" data-id=\"704701f\" data-element_type=\"container\" data-e-type=\"container\">\n\t\t\t\t<\/div>\n\t\t\t\t\t<\/div>\n\t\t<\/div>\n\t\t\t\t\t\t<\/div>\n\t\t\t\t<\/div>\n\t\t\t\t<\/div>\n\t\t\t\t\t<\/div>\n\t\t\t\t<\/div>\n\t\t<div class=\"elementor-element elementor-element-dc3b190 e-flex e-con-boxed e-con e-parent\" data-id=\"dc3b190\" data-element_type=\"container\" data-e-type=\"container\">\n\t\t\t\t\t<div class=\"e-con-inner\">\n\t\t<div class=\"elementor-element elementor-element-f99d646 e-con-full e-flex e-con e-child\" data-id=\"f99d646\" data-element_type=\"container\" data-e-type=\"container\">\n\t\t\t\t<div class=\"elementor-element elementor-element-8d94675 elementor-invisible elementor-widget elementor-widget-heading\" data-id=\"8d94675\" data-element_type=\"widget\" data-e-type=\"widget\" data-settings=\"{&quot;_animation&quot;:&quot;fadeIn&quot;,&quot;_animation_tablet&quot;:&quot;none&quot;,&quot;_animation_delay&quot;:200}\" data-widget_type=\"heading.default\">\n\t\t\t\t<div class=\"elementor-widget-container\">\n\t\t\t\t\t<h3 class=\"elementor-heading-title elementor-size-default\">Folleto y atenci\u00f3n al cliente<\/h3>\t\t\t\t<\/div>\n\t\t\t\t<\/div>\n\t\t\t\t<\/div>\n\t\t\t\t\t<\/div>\n\t\t\t\t<\/div>\n\t\t<div class=\"elementor-element elementor-element-b09df52 e-flex e-con-boxed e-con e-parent\" data-id=\"b09df52\" data-element_type=\"container\" data-e-type=\"container\">\n\t\t\t\t\t<div class=\"e-con-inner\">\n\t\t<div class=\"elementor-element elementor-element-b24a30f e-con-full e-flex e-con e-child\" data-id=\"b24a30f\" data-element_type=\"container\" data-e-type=\"container\">\n\t\t\t\t<div class=\"vamtam-has-theme-widget-styles elementor-element elementor-element-5f78a2b elementor-align-justify elementor-mobile-align-justify elementor-widget elementor-widget-button\" data-id=\"5f78a2b\" data-element_type=\"widget\" data-e-type=\"widget\" data-widget_type=\"button.default\">\n\t\t\t\t<div class=\"elementor-widget-container\">\n\t\t\t\t\t\t\t\t\t<div class=\"elementor-button-wrapper\">\n\t\t\t\t\t<a class=\"elementor-button elementor-button-link elementor-size-sm\" href=\"https:\/\/galli2europe.com\/wp-content\/uploads\/2024\/07\/Galli-GENVIRO-060-SL-ver-10.pdf\" target=\"_blank\">\n\t\t\t\t\t\t<span class=\"elementor-button-content-wrapper\">\n\t\t\t\t\t\t<span class=\"elementor-button-icon\">\n\t\t\t\t<i aria-hidden=\"true\" class=\"vamtamtheme- vamtam-theme-download\"><\/i>\t\t\t<\/span>\n\t\t\t\t\t\t\t\t\t<span class=\"elementor-button-text\">Folleto  Celda termocriog\u00e9nica de nitr\u00f3geno l\u00edquido GENVIRO-SL<\/span>\n\t\t\t\t\t<\/span>\n\t\t\t\t\t<\/a>\n\t\t\t\t<\/div>\n\t\t\t\t\t\t\t\t<\/div>\n\t\t\t\t<\/div>\n\t\t\t\t<\/div>\n\t\t<div class=\"elementor-element elementor-element-603f4b1 e-con-full e-flex e-con e-child\" data-id=\"603f4b1\" data-element_type=\"container\" data-e-type=\"container\">\n\t\t\t\t<div class=\"vamtam-has-theme-widget-styles elementor-element elementor-element-b95a3ad elementor-align-justify elementor-mobile-align-justify elementor-widget elementor-widget-button\" data-id=\"b95a3ad\" data-element_type=\"widget\" data-e-type=\"widget\" data-widget_type=\"button.default\">\n\t\t\t\t<div class=\"elementor-widget-container\">\n\t\t\t\t\t\t\t\t\t<div class=\"elementor-button-wrapper\">\n\t\t\t\t\t<a class=\"elementor-button elementor-button-link elementor-size-sm\" href=\"tel:+390290720705\" target=\"_blank\">\n\t\t\t\t\t\t<span class=\"elementor-button-content-wrapper\">\n\t\t\t\t\t\t<span class=\"elementor-button-icon\">\n\t\t\t\t<i aria-hidden=\"true\" class=\"vamtamtheme- vamtam-theme-download\"><\/i>\t\t\t<\/span>\n\t\t\t\t\t\t\t\t\t<span class=\"elementor-button-text\">llamar al servicio de atenci\u00f3n al cliente<\/span>\n\t\t\t\t\t<\/span>\n\t\t\t\t\t<\/a>\n\t\t\t\t<\/div>\n\t\t\t\t\t\t\t\t<\/div>\n\t\t\t\t<\/div>\n\t\t\t\t<\/div>\n\t\t<div class=\"elementor-element elementor-element-157e5b3 e-con-full e-flex e-con e-child\" data-id=\"157e5b3\" data-element_type=\"container\" data-e-type=\"container\">\n\t\t\t\t<div class=\"vamtam-has-theme-widget-styles elementor-element elementor-element-cace1fe elementor-align-justify elementor-mobile-align-justify elementor-widget elementor-widget-button\" data-id=\"cace1fe\" data-element_type=\"widget\" data-e-type=\"widget\" data-widget_type=\"button.default\">\n\t\t\t\t<div class=\"elementor-widget-container\">\n\t\t\t\t\t\t\t\t\t<div class=\"elementor-button-wrapper\">\n\t\t\t\t\t<a class=\"elementor-button elementor-button-link elementor-size-sm\" href=\"#elementor-action%3Aaction%3Dpopup%3Aopen%26settings%3DeyJpZCI6OTkzOTczLCJ0b2dnbGUiOmZhbHNlLCJhbGlnbl93aXRoX3BhcmVudCI6IiJ9\" target=\"_blank\">\n\t\t\t\t\t\t<span class=\"elementor-button-content-wrapper\">\n\t\t\t\t\t\t<span class=\"elementor-button-icon\">\n\t\t\t\t<i aria-hidden=\"true\" class=\"vamtamtheme- vamtam-theme-download\"><\/i>\t\t\t<\/span>\n\t\t\t\t\t\t\t\t\t<span class=\"elementor-button-text\">Solicitar informaci\u00f3n<\/span>\n\t\t\t\t\t<\/span>\n\t\t\t\t\t<\/a>\n\t\t\t\t<\/div>\n\t\t\t\t\t\t\t\t<\/div>\n\t\t\t\t<\/div>\n\t\t\t\t<\/div>\n\t\t\t\t\t<\/div>\n\t\t\t\t<\/div>\n\t\t\t\t<\/div>\n\t\t","protected":false},"excerpt":{"rendered":"<p>Las <strong>C\u00e9lulas Clim\u00e1ticas y Termost\u00e1ticas<\/strong> modelo <strong>Genviro<\/strong> son productos originales Galli, dise\u00f1ados y construidos en Italia.<\/p>\n<p>Ideales para pruebas y ensayos de simulaci\u00f3n ambiental, las C\u00e1maras Clim\u00e1ticas y Termost\u00e1ticas Genviro ofrecen la soluci\u00f3n a sus necesidades para cumplir con los cada vez m\u00e1s estrictos Est\u00e1ndares Internacionales y del sector Automotriz.<\/p>\n<p>La <strong>l\u00ednea de Celdas Clim\u00e1ticas Genviro<\/strong> se ofrece completa con todas aquellas cosas que la hacen inmediatamente lista para ser insertada en su laboratorio y trabajar para usted. <strong>El dise\u00f1o de Galli<\/strong> est\u00e1 siempre atento a los detalles, una l\u00ednea cl\u00e1sica y elegante, de color gris claro, se adapta a todos los muebles sin cansar la vista. <\/p>\n<p>Las C\u00e9lulas Clim\u00e1ticas <strong>Genviro<\/strong> est\u00e1n equipadas con <strong>ruedas giratorias<\/strong> con bloqueo de freno que permiten un f\u00e1cil posicionamiento y ser\u00e1n \u00fatiles para su limpieza y mantenimiento.<\/p>\n<p><strong>Ahorro energ\u00e9tico<\/strong> conseguido con especial atenci\u00f3n al aislamiento t\u00e9rmico; La combinaci\u00f3n de materiales innovadores diferenciados, ensamblados con diferentes capas s\u00e1ndwich, permite obtener la m\u00ednima dispersi\u00f3n hacia el medio ambiente, respet\u00e1ndolo.<\/p>\n<p>La c\u00e1mara interna est\u00e1 fabricada en <strong>acero inoxidable AISI 304,<\/strong> con esquinas redondeadas, f\u00e1cil de limpiar.<\/p>\n<p>Las <strong>gu\u00edas<\/strong> permiten la inserci\u00f3n de <strong>estantes<\/strong> a alturas variables, evitando que vuelquen; La puerta est\u00e1 montada sobre <strong>bisagras<\/strong> ajustables y resistentes, y una <strong>manija<\/strong> de compresi\u00f3n facilita el cierre sobre sellos <strong>de goma de silicona<\/strong> dobles. La puerta tambi\u00e9n est\u00e1 equipada de serie con una <strong>ventana de inspecci\u00f3n<\/strong> de cristal m\u00faltiple antivaho y calefactado. <\/p>\n<p><strong>La iluminaci\u00f3n interna<\/strong> permite la observaci\u00f3n de las pruebas sin tener que abrir la puerta, un <strong>orificio pasante<\/strong> lateral permite el paso de cables y sondas para controlar y monitorear su dispositivo bajo prueba.<\/p>\n<p>El compartimento de pruebas est\u00e1 acondicionado mediante aire circulado por <strong>ventiladores de motor<\/strong> de acero inoxidable de eje largo, montados sobre cojinetes silenciosos. Adem\u00e1s, <strong>unos deflectores especiales<\/strong> garantizan la distribuci\u00f3n del aire dentro de la c\u00e1mara. <\/p>\n","protected":false},"featured_media":992561,"comment_status":"closed","ping_status":"closed","template":"","meta":{"_acf_changed":false},"product_brand":[],"product_cat":[411],"product_tag":[],"class_list":{"0":"post-994828","1":"product","2":"type-product","3":"status-publish","4":"has-post-thumbnail","6":"product_cat-camaras-de-simulacion-ambiental","8":"first","9":"instock","10":"shipping-taxable","11":"product-type-simple"},"acf":[],"_links":{"self":[{"href":"https:\/\/galli2europe.com\/es\/wp-json\/wp\/v2\/product\/994828","targetHints":{"allow":["GET"]}}],"collection":[{"href":"https:\/\/galli2europe.com\/es\/wp-json\/wp\/v2\/product"}],"about":[{"href":"https:\/\/galli2europe.com\/es\/wp-json\/wp\/v2\/types\/product"}],"replies":[{"embeddable":true,"href":"https:\/\/galli2europe.com\/es\/wp-json\/wp\/v2\/comments?post=994828"}],"version-history":[{"count":1,"href":"https:\/\/galli2europe.com\/es\/wp-json\/wp\/v2\/product\/994828\/revisions"}],"predecessor-version":[{"id":994829,"href":"https:\/\/galli2europe.com\/es\/wp-json\/wp\/v2\/product\/994828\/revisions\/994829"}],"wp:featuredmedia":[{"embeddable":true,"href":"https:\/\/galli2europe.com\/es\/wp-json\/wp\/v2\/media\/992561"}],"wp:attachment":[{"href":"https:\/\/galli2europe.com\/es\/wp-json\/wp\/v2\/media?parent=994828"}],"wp:term":[{"taxonomy":"product_brand","embeddable":true,"href":"https:\/\/galli2europe.com\/es\/wp-json\/wp\/v2\/product_brand?post=994828"},{"taxonomy":"product_cat","embeddable":true,"href":"https:\/\/galli2europe.com\/es\/wp-json\/wp\/v2\/product_cat?post=994828"},{"taxonomy":"product_tag","embeddable":true,"href":"https:\/\/galli2europe.com\/es\/wp-json\/wp\/v2\/product_tag?post=994828"}],"curies":[{"name":"wp","href":"https:\/\/api.w.org\/{rel}","templated":true}]}}