{"id":994830,"date":"2024-07-08T21:04:24","date_gmt":"2024-07-08T19:04:24","guid":{"rendered":"https:\/\/deziq.it\/galli\/prodotto\/cellule-thermo-cryogenique-a-azote-liquide-genviro-sl\/"},"modified":"2025-03-18T18:50:26","modified_gmt":"2025-03-18T17:50:26","slug":"cellule-thermo-cryogenique-a-azote-liquide-genviro-sl","status":"publish","type":"product","link":"https:\/\/galli2europe.com\/fr\/prodotto\/cellule-thermo-cryogenique-a-azote-liquide-genviro-sl\/","title":{"rendered":"Cellule thermo-cryog\u00e9nique \u00e0 azote liquide GENVIRO-SL"},"content":{"rendered":"\t\t<div data-elementor-type=\"product-post\" data-elementor-id=\"994830\" class=\"elementor elementor-994830 elementor-988598\" data-elementor-post-type=\"product\">\n\t\t\t\t<div class=\"elementor-element elementor-element-f1d45c3 e-flex e-con-boxed e-con e-parent\" data-id=\"f1d45c3\" data-element_type=\"container\" data-e-type=\"container\">\n\t\t\t\t\t<div class=\"e-con-inner\">\n\t\t<div class=\"elementor-element elementor-element-0c24dd2 e-con-full e-flex e-con e-child\" data-id=\"0c24dd2\" data-element_type=\"container\" data-e-type=\"container\">\n\t\t\t\t<div class=\"elementor-element elementor-element-8ff798e elementor-invisible elementor-widget elementor-widget-heading\" data-id=\"8ff798e\" data-element_type=\"widget\" data-e-type=\"widget\" data-settings=\"{&quot;_animation&quot;:&quot;fadeIn&quot;,&quot;_animation_tablet&quot;:&quot;none&quot;,&quot;_animation_delay&quot;:200}\" data-widget_type=\"heading.default\">\n\t\t\t\t<div class=\"elementor-widget-container\">\n\t\t\t\t\t<h3 class=\"elementor-heading-title elementor-size-default\">Informations sur le produit<\/h3>\t\t\t\t<\/div>\n\t\t\t\t<\/div>\n\t\t\t\t<\/div>\n\t\t\t\t\t<\/div>\n\t\t\t\t<\/div>\n\t\t<div class=\"elementor-element elementor-element-c2feeed e-flex e-con-boxed e-con e-parent\" data-id=\"c2feeed\" data-element_type=\"container\" data-e-type=\"container\">\n\t\t\t\t\t<div class=\"e-con-inner\">\n\t\t<div class=\"elementor-element elementor-element-93e8ce2 e-con-full e-flex e-con e-child\" data-id=\"93e8ce2\" data-element_type=\"container\" data-e-type=\"container\">\n\t\t\t\t<div class=\"elementor-element elementor-element-125560b e-n-tabs-mobile elementor-widget elementor-widget-n-tabs\" data-id=\"125560b\" data-element_type=\"widget\" data-e-type=\"widget\" data-widget_type=\"nested-tabs.default\">\n\t\t\t\t<div class=\"elementor-widget-container\">\n\t\t\t\t\t\t\t<div class=\"e-n-tabs\" data-widget-number=\"19224075\" aria-label=\"Onglets. Ouvrez des \u00e9l\u00e9ments avec Entrer ou Espace, fermez-les avec Echape et naviguez \u00e0 l&#039;aide des touches fl\u00e9ch\u00e9es.\">\n\t\t\t<div class=\"e-n-tabs-heading\" role=\"tablist\">\n\t\t\t\t\t<button id=\"e-n-tab-title-192240751\" data-tab-title-id=\"e-n-tab-title-192240751\" class=\"e-n-tab-title\" aria-selected=\"true\" data-tab-index=\"1\" role=\"tab\" tabindex=\"0\" aria-controls=\"e-n-tab-content-192240751\" style=\"--n-tabs-title-order: 1;\">\n\t\t\t\t\t\t<span class=\"e-n-tab-title-text\">\n\t\t\t\tCaract\u00e9ristiques\t\t\t<\/span>\n\t\t<\/button>\n\t\t\t\t<button id=\"e-n-tab-title-192240752\" data-tab-title-id=\"e-n-tab-title-192240752\" class=\"e-n-tab-title\" aria-selected=\"false\" data-tab-index=\"2\" role=\"tab\" tabindex=\"-1\" aria-controls=\"e-n-tab-content-192240752\" style=\"--n-tabs-title-order: 2;\">\n\t\t\t\t\t\t<span class=\"e-n-tab-title-text\">\n\t\t\t\t\u00c9quipement standard\t\t\t<\/span>\n\t\t<\/button>\n\t\t\t\t<button id=\"e-n-tab-title-192240753\" data-tab-title-id=\"e-n-tab-title-192240753\" class=\"e-n-tab-title\" aria-selected=\"false\" data-tab-index=\"3\" role=\"tab\" tabindex=\"-1\" aria-controls=\"e-n-tab-content-192240753\" style=\"--n-tabs-title-order: 3;\">\n\t\t\t\t\t\t<span class=\"e-n-tab-title-text\">\n\t\t\t\tPlus\t\t\t<\/span>\n\t\t<\/button>\n\t\t\t\t\t<\/div>\n\t\t\t<div class=\"e-n-tabs-content\">\n\t\t\t\t<div id=\"e-n-tab-content-192240751\" role=\"tabpanel\" aria-labelledby=\"e-n-tab-title-192240751\" data-tab-index=\"1\" style=\"--n-tabs-title-order: 1;\" class=\"e-active elementor-element elementor-element-b844b3d e-con-full e-flex e-con e-child\" data-id=\"b844b3d\" data-element_type=\"container\" data-e-type=\"container\">\n\t\t\t\t<div class=\"elementor-element elementor-element-9a5d97c elementor-widget elementor-widget-text-editor\" data-id=\"9a5d97c\" data-element_type=\"widget\" data-e-type=\"widget\" data-widget_type=\"text-editor.default\">\n\t\t\t\t<div class=\"elementor-widget-container\">\n\t\t\t\t\t\t\t\t\t<ul>\n<li>Chambre en acier inoxydable AISI 304<\/li>\n<li>Dimensions ext\u00e9rieures 610x870x1625 mm LxPxH<\/li>\n<li>Dimensions int\u00e9rieures 410x360x410 mm LxPxH<\/li>\n<li>Plage de temp\u00e9rature de -140\u00b0C \u00e0 +180\u00b0C<\/li>\n<li>Syst\u00e8me de contr\u00f4le programmable <strong>AGSystem Talent<\/strong><\/li>\n<li><strong>\u00c9cran tactile GRAPHIQUE COULEUR 7\u2033<\/strong> pour une lecture facile et imm\u00e9diate<\/li>\n<li>L&rsquo;interface op\u00e9rateur intuitive aide l&rsquo;utilisateur \u00e0 utiliser l&rsquo;instrument<\/li>\n<li>Gestion des programmes thermiques, rampes, stase et r\u00e9p\u00e9titions<\/li>\n<li>Profil thermique et <strong>enregistrement<\/strong> d&rsquo;alarme<\/li>\n<li>Port USB permettant le t\u00e9l\u00e9chargement de donn\u00e9es historiques  <\/li>\n<li>Interface <strong>Ethernet<\/strong> pour la connexion \u00e0 un PC ou au r\u00e9seau LAN d&rsquo;une entreprise<\/li>\n<li>Fen\u00eatre d&rsquo;observation interne<\/li>\n<li>\u00c9clairage int\u00e9rieur<\/li>\n<li>Alimentation 230 V, 1 ph, 50 Hz<\/li>\n<li>\u00c9tag\u00e8re standard n\u00b0 01<\/li>\n<\/ul>\n\t\t\t\t\t\t\t\t<\/div>\n\t\t\t\t<\/div>\n\t\t\t\t<\/div>\n\t\t<div id=\"e-n-tab-content-192240752\" role=\"tabpanel\" aria-labelledby=\"e-n-tab-title-192240752\" data-tab-index=\"2\" style=\"--n-tabs-title-order: 2;\" class=\" elementor-element elementor-element-36a56b3 e-con-full e-flex e-con e-child\" data-id=\"36a56b3\" data-element_type=\"container\" data-e-type=\"container\">\n\t\t\t\t<div class=\"elementor-element elementor-element-2464fc4 elementor-widget elementor-widget-text-editor\" data-id=\"2464fc4\" data-element_type=\"widget\" data-e-type=\"widget\" data-widget_type=\"text-editor.default\">\n\t\t\t\t<div class=\"elementor-widget-container\">\n\t\t\t\t\t\t\t\t\t<ul>\n<li>Cordon d&rsquo;alimentation<\/li>\n<li>Trou de c\u00e2ble sur le c\u00f4t\u00e9 droit<\/li>\n<li>Manuel d&rsquo;utilisation<\/li>\n<li>Certificat de conformit\u00e9 CE<\/li>\n<li>Certificat de garantie<\/li>\n<li>Certificat d&rsquo;\u00e9talonnage\n<p> Syst\u00e8me de cadre de support<\/p>\n<\/li>\n<li>Roues pivotantes, 2 avec freins<\/li>\n<li>Hauteur du support 800 mm<\/li>\n<\/ul>\n\t\t\t\t\t\t\t\t<\/div>\n\t\t\t\t<\/div>\n\t\t\t\t<\/div>\n\t\t<div id=\"e-n-tab-content-192240753\" role=\"tabpanel\" aria-labelledby=\"e-n-tab-title-192240753\" data-tab-index=\"3\" style=\"--n-tabs-title-order: 3;\" class=\" elementor-element elementor-element-704701f e-con-full e-flex e-con e-child\" data-id=\"704701f\" data-element_type=\"container\" data-e-type=\"container\">\n\t\t\t\t<\/div>\n\t\t\t\t\t<\/div>\n\t\t<\/div>\n\t\t\t\t\t\t<\/div>\n\t\t\t\t<\/div>\n\t\t\t\t<\/div>\n\t\t\t\t\t<\/div>\n\t\t\t\t<\/div>\n\t\t<div class=\"elementor-element elementor-element-dc3b190 e-flex e-con-boxed e-con e-parent\" data-id=\"dc3b190\" data-element_type=\"container\" data-e-type=\"container\">\n\t\t\t\t\t<div class=\"e-con-inner\">\n\t\t<div class=\"elementor-element elementor-element-f99d646 e-con-full e-flex e-con e-child\" data-id=\"f99d646\" data-element_type=\"container\" data-e-type=\"container\">\n\t\t\t\t<div class=\"elementor-element elementor-element-8d94675 elementor-invisible elementor-widget elementor-widget-heading\" data-id=\"8d94675\" data-element_type=\"widget\" data-e-type=\"widget\" data-settings=\"{&quot;_animation&quot;:&quot;fadeIn&quot;,&quot;_animation_tablet&quot;:&quot;none&quot;,&quot;_animation_delay&quot;:200}\" data-widget_type=\"heading.default\">\n\t\t\t\t<div class=\"elementor-widget-container\">\n\t\t\t\t\t<h3 class=\"elementor-heading-title elementor-size-default\">Brochure et service client<\/h3>\t\t\t\t<\/div>\n\t\t\t\t<\/div>\n\t\t\t\t<\/div>\n\t\t\t\t\t<\/div>\n\t\t\t\t<\/div>\n\t\t<div class=\"elementor-element elementor-element-b09df52 e-flex e-con-boxed e-con e-parent\" data-id=\"b09df52\" data-element_type=\"container\" data-e-type=\"container\">\n\t\t\t\t\t<div class=\"e-con-inner\">\n\t\t<div class=\"elementor-element elementor-element-b24a30f e-con-full e-flex e-con e-child\" data-id=\"b24a30f\" data-element_type=\"container\" data-e-type=\"container\">\n\t\t\t\t<div class=\"vamtam-has-theme-widget-styles elementor-element elementor-element-5f78a2b elementor-align-justify elementor-mobile-align-justify elementor-widget elementor-widget-button\" data-id=\"5f78a2b\" data-element_type=\"widget\" data-e-type=\"widget\" data-widget_type=\"button.default\">\n\t\t\t\t<div class=\"elementor-widget-container\">\n\t\t\t\t\t\t\t\t\t<div class=\"elementor-button-wrapper\">\n\t\t\t\t\t<a class=\"elementor-button elementor-button-link elementor-size-sm\" href=\"https:\/\/galli2europe.com\/wp-content\/uploads\/2024\/07\/Galli-GENVIRO-060-SL-ver-10.pdf\" target=\"_blank\">\n\t\t\t\t\t\t<span class=\"elementor-button-content-wrapper\">\n\t\t\t\t\t\t<span class=\"elementor-button-icon\">\n\t\t\t\t<i aria-hidden=\"true\" class=\"vamtamtheme- vamtam-theme-download\"><\/i>\t\t\t<\/span>\n\t\t\t\t\t\t\t\t\t<span class=\"elementor-button-text\">Brochure  Cellule thermo-cryog\u00e9nique \u00e0 azote liquide GENVIRO-SL<\/span>\n\t\t\t\t\t<\/span>\n\t\t\t\t\t<\/a>\n\t\t\t\t<\/div>\n\t\t\t\t\t\t\t\t<\/div>\n\t\t\t\t<\/div>\n\t\t\t\t<\/div>\n\t\t<div class=\"elementor-element elementor-element-603f4b1 e-con-full e-flex e-con e-child\" data-id=\"603f4b1\" data-element_type=\"container\" data-e-type=\"container\">\n\t\t\t\t<div class=\"vamtam-has-theme-widget-styles elementor-element elementor-element-b95a3ad elementor-align-justify elementor-mobile-align-justify elementor-widget elementor-widget-button\" data-id=\"b95a3ad\" data-element_type=\"widget\" data-e-type=\"widget\" data-widget_type=\"button.default\">\n\t\t\t\t<div class=\"elementor-widget-container\">\n\t\t\t\t\t\t\t\t\t<div class=\"elementor-button-wrapper\">\n\t\t\t\t\t<a class=\"elementor-button elementor-button-link elementor-size-sm\" href=\"tel:+390290720705\" target=\"_blank\">\n\t\t\t\t\t\t<span class=\"elementor-button-content-wrapper\">\n\t\t\t\t\t\t<span class=\"elementor-button-icon\">\n\t\t\t\t<i aria-hidden=\"true\" class=\"vamtamtheme- vamtam-theme-download\"><\/i>\t\t\t<\/span>\n\t\t\t\t\t\t\t\t\t<span class=\"elementor-button-text\">appeler le service client<\/span>\n\t\t\t\t\t<\/span>\n\t\t\t\t\t<\/a>\n\t\t\t\t<\/div>\n\t\t\t\t\t\t\t\t<\/div>\n\t\t\t\t<\/div>\n\t\t\t\t<\/div>\n\t\t<div class=\"elementor-element elementor-element-157e5b3 e-con-full e-flex e-con e-child\" data-id=\"157e5b3\" data-element_type=\"container\" data-e-type=\"container\">\n\t\t\t\t<div class=\"vamtam-has-theme-widget-styles elementor-element elementor-element-cace1fe elementor-align-justify elementor-mobile-align-justify elementor-widget elementor-widget-button\" data-id=\"cace1fe\" data-element_type=\"widget\" data-e-type=\"widget\" data-widget_type=\"button.default\">\n\t\t\t\t<div class=\"elementor-widget-container\">\n\t\t\t\t\t\t\t\t\t<div class=\"elementor-button-wrapper\">\n\t\t\t\t\t<a class=\"elementor-button elementor-button-link elementor-size-sm\" href=\"#elementor-action%3Aaction%3Dpopup%3Aopen%26settings%3DeyJpZCI6OTkzOTg2LCJ0b2dnbGUiOmZhbHNlLCJhbGlnbl93aXRoX3BhcmVudCI6IiJ9\" target=\"_blank\">\n\t\t\t\t\t\t<span class=\"elementor-button-content-wrapper\">\n\t\t\t\t\t\t<span class=\"elementor-button-icon\">\n\t\t\t\t<i aria-hidden=\"true\" class=\"vamtamtheme- vamtam-theme-download\"><\/i>\t\t\t<\/span>\n\t\t\t\t\t\t\t\t\t<span class=\"elementor-button-text\">Demande d'informations<\/span>\n\t\t\t\t\t<\/span>\n\t\t\t\t\t<\/a>\n\t\t\t\t<\/div>\n\t\t\t\t\t\t\t\t<\/div>\n\t\t\t\t<\/div>\n\t\t\t\t<\/div>\n\t\t\t\t\t<\/div>\n\t\t\t\t<\/div>\n\t\t\t\t<\/div>\n\t\t","protected":false},"excerpt":{"rendered":"<p>Les <strong>cellules climatiques et thermostatiques<\/strong> mod\u00e8le <strong>Genviro<\/strong> sont des produits originaux Galli, con\u00e7us et fabriqu\u00e9s en Italie.<\/p>\n<p>Id\u00e9ales pour les tests et essais de simulation environnementale, les enceintes climatiques et thermostatiques Genviro offrent la solution \u00e0 vos besoins pour r\u00e9pondre aux normes internationales et du secteur automobile de plus en plus strictes.<\/p>\n<p>La <strong>gamme Genviro de cellules climatiques<\/strong> est propos\u00e9e compl\u00e8te avec tous les \u00e9l\u00e9ments qui la rendent imm\u00e9diatement pr\u00eate \u00e0 \u00eatre ins\u00e9r\u00e9e dans votre laboratoire et \u00e0 travailler pour vous. <strong>Le design Galli<\/strong> est toujours attentif aux d\u00e9tails, une ligne classique et \u00e9l\u00e9gante, de couleur gris clair, s&rsquo;adapte \u00e0 tous les ameublements sans fatiguer l&rsquo;\u0153il. <\/p>\n<p>Les cellules climatiques <strong>Genviro<\/strong> sont \u00e9quip\u00e9es de <strong>roues pivotantes<\/strong> avec blocage de frein qui permettent un positionnement facile et seront utiles pour le nettoyage et l&rsquo;entretien.<\/p>\n<p><strong>Des \u00e9conomies d&rsquo;\u00e9nergie<\/strong> r\u00e9alis\u00e9es gr\u00e2ce \u00e0 une attention particuli\u00e8re port\u00e9e \u00e0 l&rsquo;isolation thermique ; la combinaison de mat\u00e9riaux innovants diff\u00e9renci\u00e9s, assembl\u00e9s avec diff\u00e9rentes couches sandwich, permet d&rsquo;obtenir la dispersion minimale vers l&rsquo;environnement, en le respectant.<\/p>\n<p>La chambre interne est en <strong>acier inoxydable AISI 304,<\/strong> avec des coins arrondis, facile \u00e0 nettoyer.<\/p>\n<p>Les <strong>guides<\/strong> permettent l&rsquo;insertion d&rsquo; <strong>\u00e9tag\u00e8res<\/strong> \u00e0 des hauteurs variables, \u00e9vitant ainsi leur basculement ; La porte est mont\u00e9e sur <strong>des charni\u00e8res<\/strong> r\u00e9glables robustes et une <strong>poign\u00e9e<\/strong> de compression facilite la fermeture sur des joints <strong>en caoutchouc de silicone<\/strong> doubles. La porte est \u00e9galement \u00e9quip\u00e9e, de s\u00e9rie, d&rsquo;une <strong>fen\u00eatre d&rsquo;inspection<\/strong> en verre multiple chauffant antibu\u00e9e. <\/p>\n<p><strong>L&rsquo;\u00e9clairage interne<\/strong> permet l&rsquo;observation des tests sans avoir \u00e0 ouvrir la porte, un <strong>trou traversant<\/strong> lat\u00e9ral permet le passage des c\u00e2bles et sondes pour contr\u00f4ler et surveiller votre appareil en cours de test.<\/p>\n<p>Le compartiment d&rsquo;essai est conditionn\u00e9 par de l&rsquo;air circulant gr\u00e2ce \u00e0 <strong>des ventilateurs \u00e0 moteur<\/strong> en acier inoxydable \u00e0 arbre long, mont\u00e9s sur des roulements silencieux. De plus, <strong>des d\u00e9flecteurs sp\u00e9ciaux<\/strong> assurent la distribution de l&rsquo;air \u00e0 l&rsquo;int\u00e9rieur de la chambre. <\/p>\n","protected":false},"featured_media":992560,"comment_status":"closed","ping_status":"closed","template":"","meta":{"_acf_changed":false},"product_brand":[],"product_cat":[412],"product_tag":[],"class_list":{"0":"post-994830","1":"product","2":"type-product","3":"status-publish","4":"has-post-thumbnail","6":"product_cat-chambres-de-simulation-environnementale","8":"first","9":"instock","10":"shipping-taxable","11":"product-type-simple"},"acf":[],"_links":{"self":[{"href":"https:\/\/galli2europe.com\/fr\/wp-json\/wp\/v2\/product\/994830","targetHints":{"allow":["GET"]}}],"collection":[{"href":"https:\/\/galli2europe.com\/fr\/wp-json\/wp\/v2\/product"}],"about":[{"href":"https:\/\/galli2europe.com\/fr\/wp-json\/wp\/v2\/types\/product"}],"replies":[{"embeddable":true,"href":"https:\/\/galli2europe.com\/fr\/wp-json\/wp\/v2\/comments?post=994830"}],"version-history":[{"count":1,"href":"https:\/\/galli2europe.com\/fr\/wp-json\/wp\/v2\/product\/994830\/revisions"}],"predecessor-version":[{"id":994831,"href":"https:\/\/galli2europe.com\/fr\/wp-json\/wp\/v2\/product\/994830\/revisions\/994831"}],"wp:featuredmedia":[{"embeddable":true,"href":"https:\/\/galli2europe.com\/fr\/wp-json\/wp\/v2\/media\/992560"}],"wp:attachment":[{"href":"https:\/\/galli2europe.com\/fr\/wp-json\/wp\/v2\/media?parent=994830"}],"wp:term":[{"taxonomy":"product_brand","embeddable":true,"href":"https:\/\/galli2europe.com\/fr\/wp-json\/wp\/v2\/product_brand?post=994830"},{"taxonomy":"product_cat","embeddable":true,"href":"https:\/\/galli2europe.com\/fr\/wp-json\/wp\/v2\/product_cat?post=994830"},{"taxonomy":"product_tag","embeddable":true,"href":"https:\/\/galli2europe.com\/fr\/wp-json\/wp\/v2\/product_tag?post=994830"}],"curies":[{"name":"wp","href":"https:\/\/api.w.org\/{rel}","templated":true}]}}